{"id":68,"date":"2022-11-03T19:35:34","date_gmt":"2022-11-03T19:35:34","guid":{"rendered":"https:\/\/clinicasantasofia.com\/web\/?page_id=68"},"modified":"2025-04-03T17:17:11","modified_gmt":"2025-04-03T17:17:11","slug":"contactanos","status":"publish","type":"page","link":"https:\/\/clinicasantasofia.com\/index.php\/contactanos\/","title":{"rendered":"Cont\u00e1ctanos"},"content":{"rendered":"\t\t<div data-elementor-type=\"wp-page\" data-elementor-id=\"68\" class=\"elementor elementor-68\">\n\t\t\t\t\t\t\t\t\t<section class=\"elementor-section elementor-top-section elementor-element elementor-element-ad0b10a elementor-section-boxed elementor-section-height-default elementor-section-height-default\" data-id=\"ad0b10a\" data-element_type=\"section\">\n\t\t\t\t\t\t<div class=\"elementor-container elementor-column-gap-default\">\n\t\t\t\t\t<div class=\"elementor-column elementor-col-100 elementor-top-column elementor-element elementor-element-7658954\" data-id=\"7658954\" data-element_type=\"column\">\n\t\t\t<div class=\"elementor-widget-wrap elementor-element-populated\">\n\t\t\t\t\t\t\t\t<div class=\"elementor-element elementor-element-8076d8b elementor-widget elementor-widget-spacer\" data-id=\"8076d8b\" data-element_type=\"widget\" data-widget_type=\"spacer.default\">\n\t\t\t\t<div class=\"elementor-widget-container\">\n\t\t\t<style>\/*! elementor - v3.12.2 - 23-04-2023 *\/\n.elementor-column .elementor-spacer-inner{height:var(--spacer-size)}.e-con{--container-widget-width:100%}.e-con-inner>.elementor-widget-spacer,.e-con>.elementor-widget-spacer{width:var(--container-widget-width,var(--spacer-size));--align-self:var(--container-widget-align-self,initial);--flex-shrink:0}.e-con-inner>.elementor-widget-spacer>.elementor-widget-container,.e-con-inner>.elementor-widget-spacer>.elementor-widget-container>.elementor-spacer,.e-con>.elementor-widget-spacer>.elementor-widget-container,.e-con>.elementor-widget-spacer>.elementor-widget-container>.elementor-spacer{height:100%}.e-con-inner>.elementor-widget-spacer>.elementor-widget-container>.elementor-spacer>.elementor-spacer-inner,.e-con>.elementor-widget-spacer>.elementor-widget-container>.elementor-spacer>.elementor-spacer-inner{height:var(--container-widget-height,var(--spacer-size))}<\/style>\t\t<div class=\"elementor-spacer\">\n\t\t\t<div class=\"elementor-spacer-inner\"><\/div>\n\t\t<\/div>\n\t\t\t\t<\/div>\n\t\t\t\t<\/div>\n\t\t\t\t\t<\/div>\n\t\t<\/div>\n\t\t\t\t\t\t\t<\/div>\n\t\t<\/section>\n\t\t\t\t<section class=\"elementor-section elementor-top-section elementor-element elementor-element-946e7f6 elementor-section-boxed elementor-section-height-default elementor-section-height-default\" data-id=\"946e7f6\" data-element_type=\"section\">\n\t\t\t\t\t\t<div class=\"elementor-container elementor-column-gap-default\">\n\t\t\t\t\t<div class=\"elementor-column elementor-col-33 elementor-top-column elementor-element elementor-element-be0f1d6\" data-id=\"be0f1d6\" data-element_type=\"column\">\n\t\t\t<div class=\"elementor-widget-wrap elementor-element-populated\">\n\t\t\t\t\t\t\t\t<div class=\"elementor-element elementor-element-bcaa042 elementor-widget elementor-widget-heading\" data-id=\"bcaa042\" data-element_type=\"widget\" data-widget_type=\"heading.default\">\n\t\t\t\t<div class=\"elementor-widget-container\">\n\t\t\t<style>\/*! elementor - v3.12.2 - 23-04-2023 *\/\n.elementor-heading-title{padding:0;margin:0;line-height:1}.elementor-widget-heading .elementor-heading-title[class*=elementor-size-]>a{color:inherit;font-size:inherit;line-height:inherit}.elementor-widget-heading .elementor-heading-title.elementor-size-small{font-size:15px}.elementor-widget-heading .elementor-heading-title.elementor-size-medium{font-size:19px}.elementor-widget-heading .elementor-heading-title.elementor-size-large{font-size:29px}.elementor-widget-heading .elementor-heading-title.elementor-size-xl{font-size:39px}.elementor-widget-heading .elementor-heading-title.elementor-size-xxl{font-size:59px}<\/style><h1 class=\"elementor-heading-title elementor-size-default\">Cont\u00e1ctanos<\/h1>\t\t<\/div>\n\t\t\t\t<\/div>\n\t\t\t\t<div class=\"elementor-element elementor-element-ebe4702 elementor-widget elementor-widget-text-editor\" data-id=\"ebe4702\" data-element_type=\"widget\" data-widget_type=\"text-editor.default\">\n\t\t\t\t<div class=\"elementor-widget-container\">\n\t\t\t<style>\/*! elementor - v3.12.2 - 23-04-2023 *\/\n.elementor-widget-text-editor.elementor-drop-cap-view-stacked .elementor-drop-cap{background-color:#69727d;color:#fff}.elementor-widget-text-editor.elementor-drop-cap-view-framed .elementor-drop-cap{color:#69727d;border:3px solid;background-color:transparent}.elementor-widget-text-editor:not(.elementor-drop-cap-view-default) .elementor-drop-cap{margin-top:8px}.elementor-widget-text-editor:not(.elementor-drop-cap-view-default) .elementor-drop-cap-letter{width:1em;height:1em}.elementor-widget-text-editor .elementor-drop-cap{float:left;text-align:center;line-height:1;font-size:50px}.elementor-widget-text-editor .elementor-drop-cap-letter{display:inline-block}<\/style>\t\t\t\t<p>Puedes contactarnos a trav\u00e9s de nuestros canales de atenci\u00f3n al p\u00fablico que est\u00e1n disponibles.<\/p>\t\t\t\t\t\t<\/div>\n\t\t\t\t<\/div>\n\t\t\t\t<div class=\"elementor-element elementor-element-79cd168 elementor-widget elementor-widget-text-editor\" data-id=\"79cd168\" data-element_type=\"widget\" data-widget_type=\"text-editor.default\">\n\t\t\t\t<div class=\"elementor-widget-container\">\n\t\t\t\t\t\t\t<ul class=\"contact-info-widget no-icons\"><li class=\"address\"><div class=\"oceanwp-info-wrap\"><span class=\"oceanwp-contact-title\"><strong>Direcci\u00f3n:<\/strong> <\/span><span class=\"oceanwp-contact-title\"><span class=\"oceanwp-contact-text\">Cra 47 No. 3 &#8211; 53, Barrio Bellavista<\/span><\/span><\/div><\/li><li class=\"phone\"><div class=\"oceanwp-info-wrap\"><span class=\"oceanwp-contact-title\"><strong>Tel\u00e9fono:<\/strong> <\/span><span class=\"oceanwp-contact-title\">(602) 242 1880 Ext. 3011<\/span><\/div><\/li><li class=\"email\"><div class=\"oceanwp-info-wrap\"><span class=\"oceanwp-contact-title\"><strong>Correo:<\/strong> servicio.cliente@csspmail.net<\/span><\/div><\/li><\/ul>\t\t\t\t\t\t<\/div>\n\t\t\t\t<\/div>\n\t\t\t\t\t<\/div>\n\t\t<\/div>\n\t\t\t\t<div class=\"elementor-column elementor-col-66 elementor-top-column elementor-element elementor-element-8fb318b\" data-id=\"8fb318b\" data-element_type=\"column\">\n\t\t\t<div class=\"elementor-widget-wrap elementor-element-populated\">\n\t\t\t\t\t\t\t\t<div class=\"elementor-element elementor-element-9f34121 elementor-widget elementor-widget-google_maps\" data-id=\"9f34121\" data-element_type=\"widget\" data-widget_type=\"google_maps.default\">\n\t\t\t\t<div class=\"elementor-widget-container\">\n\t\t\t<style>\/*! elementor - v3.12.2 - 23-04-2023 *\/\n.elementor-widget-google_maps .elementor-widget-container{overflow:hidden}.elementor-widget-google_maps .elementor-custom-embed{line-height:0}.elementor-widget-google_maps iframe{height:300px}<\/style>\t\t<div class=\"elementor-custom-embed\">\n\t\t\t<iframe loading=\"lazy\"\n\t\t\t\t\tsrc=\"https:\/\/maps.google.com\/maps?q=Clinica%20Santa%20Sofia%20Del%20Pacifco%20Buenaventura%2C%20Valle&#038;t=m&#038;z=15&#038;output=embed&#038;iwloc=near\"\n\t\t\t\t\ttitle=\"Clinica Santa Sofia Del Pacifco Buenaventura, Valle\"\n\t\t\t\t\taria-label=\"Clinica Santa Sofia Del Pacifco Buenaventura, Valle\"\n\t\t\t><\/iframe>\n\t\t<\/div>\n\t\t\t\t<\/div>\n\t\t\t\t<\/div>\n\t\t\t\t\t<\/div>\n\t\t<\/div>\n\t\t\t\t\t\t\t<\/div>\n\t\t<\/section>\n\t\t\t\t<section class=\"elementor-section elementor-top-section elementor-element elementor-element-f17499a elementor-section-boxed elementor-section-height-default elementor-section-height-default\" data-id=\"f17499a\" data-element_type=\"section\">\n\t\t\t\t\t\t<div class=\"elementor-container elementor-column-gap-default\">\n\t\t\t\t\t<div class=\"elementor-column elementor-col-100 elementor-top-column elementor-element elementor-element-b4291c1\" data-id=\"b4291c1\" data-element_type=\"column\">\n\t\t\t<div class=\"elementor-widget-wrap elementor-element-populated\">\n\t\t\t\t\t\t\t\t<div class=\"elementor-element elementor-element-aff58b4 elementor-widget elementor-widget-spacer\" data-id=\"aff58b4\" data-element_type=\"widget\" data-widget_type=\"spacer.default\">\n\t\t\t\t<div class=\"elementor-widget-container\">\n\t\t\t\t\t<div class=\"elementor-spacer\">\n\t\t\t<div class=\"elementor-spacer-inner\"><\/div>\n\t\t<\/div>\n\t\t\t\t<\/div>\n\t\t\t\t<\/div>\n\t\t\t\t\t<\/div>\n\t\t<\/div>\n\t\t\t\t\t\t\t<\/div>\n\t\t<\/section>\n\t\t\t\t<section class=\"elementor-section elementor-top-section elementor-element elementor-element-f1371cc elementor-section-stretched elementor-section-boxed elementor-section-height-default elementor-section-height-default\" data-id=\"f1371cc\" data-element_type=\"section\" data-settings=\"{&quot;stretch_section&quot;:&quot;section-stretched&quot;,&quot;background_background&quot;:&quot;classic&quot;}\">\n\t\t\t\t\t\t\t<div class=\"elementor-background-overlay\"><\/div>\n\t\t\t\t\t\t\t<div class=\"elementor-container elementor-column-gap-default\">\n\t\t\t\t\t<div class=\"elementor-column elementor-col-100 elementor-top-column elementor-element elementor-element-5899bbe\" data-id=\"5899bbe\" data-element_type=\"column\">\n\t\t\t<div class=\"elementor-widget-wrap elementor-element-populated\">\n\t\t\t\t\t\t\t\t<section class=\"elementor-section elementor-inner-section elementor-element elementor-element-2e7b0d0 elementor-section-boxed elementor-section-height-default elementor-section-height-default\" data-id=\"2e7b0d0\" data-element_type=\"section\">\n\t\t\t\t\t\t<div class=\"elementor-container elementor-column-gap-default\">\n\t\t\t\t\t<div class=\"elementor-column elementor-col-100 elementor-inner-column elementor-element elementor-element-473e206\" data-id=\"473e206\" data-element_type=\"column\">\n\t\t\t<div class=\"elementor-widget-wrap elementor-element-populated\">\n\t\t\t\t\t\t\t\t<div class=\"elementor-element elementor-element-e010b91 elementor-widget elementor-widget-spacer\" data-id=\"e010b91\" data-element_type=\"widget\" data-widget_type=\"spacer.default\">\n\t\t\t\t<div class=\"elementor-widget-container\">\n\t\t\t\t\t<div class=\"elementor-spacer\">\n\t\t\t<div class=\"elementor-spacer-inner\"><\/div>\n\t\t<\/div>\n\t\t\t\t<\/div>\n\t\t\t\t<\/div>\n\t\t\t\t\t<\/div>\n\t\t<\/div>\n\t\t\t\t\t\t\t<\/div>\n\t\t<\/section>\n\t\t\t\t<div class=\"elementor-element elementor-element-0a4c675 elementor-widget elementor-widget-heading\" data-id=\"0a4c675\" data-element_type=\"widget\" data-widget_type=\"heading.default\">\n\t\t\t\t<div class=\"elementor-widget-container\">\n\t\t\t<h1 class=\"elementor-heading-title elementor-size-default\">Tu Salud es nuestra prioridad<\/h1>\t\t<\/div>\n\t\t\t\t<\/div>\n\t\t\t\t<div class=\"elementor-element elementor-element-1c14f3e elementor-widget elementor-widget-spacer\" data-id=\"1c14f3e\" data-element_type=\"widget\" data-widget_type=\"spacer.default\">\n\t\t\t\t<div class=\"elementor-widget-container\">\n\t\t\t\t\t<div class=\"elementor-spacer\">\n\t\t\t<div class=\"elementor-spacer-inner\"><\/div>\n\t\t<\/div>\n\t\t\t\t<\/div>\n\t\t\t\t<\/div>\n\t\t\t\t<section class=\"elementor-section elementor-inner-section elementor-element elementor-element-c3ba13a elementor-section-content-middle elementor-section-boxed elementor-section-height-default elementor-section-height-default\" data-id=\"c3ba13a\" data-element_type=\"section\" data-settings=\"{&quot;background_background&quot;:&quot;classic&quot;}\">\n\t\t\t\t\t\t<div class=\"elementor-container elementor-column-gap-default\">\n\t\t\t\t\t<div class=\"elementor-column elementor-col-25 elementor-inner-column elementor-element elementor-element-7582315\" data-id=\"7582315\" data-element_type=\"column\">\n\t\t\t<div class=\"elementor-widget-wrap elementor-element-populated\">\n\t\t\t\t\t\t\t\t<div class=\"elementor-element elementor-element-e520f2a elementor-view-stacked elementor-shape-circle elementor-widget elementor-widget-icon\" data-id=\"e520f2a\" data-element_type=\"widget\" data-widget_type=\"icon.default\">\n\t\t\t\t<div class=\"elementor-widget-container\">\n\t\t\t\t\t<div class=\"elementor-icon-wrapper\">\n\t\t\t<a class=\"elementor-icon\" href=\"tel:+6022421880\">\n\t\t\t<i aria-hidden=\"true\" class=\"fas fa-phone-square-alt\"><\/i>\t\t\t<\/a>\n\t\t<\/div>\n\t\t\t\t<\/div>\n\t\t\t\t<\/div>\n\t\t\t\t\t<\/div>\n\t\t<\/div>\n\t\t\t\t<div class=\"elementor-column elementor-col-25 elementor-inner-column elementor-element elementor-element-ed6a46f\" data-id=\"ed6a46f\" data-element_type=\"column\">\n\t\t\t<div class=\"elementor-widget-wrap elementor-element-populated\">\n\t\t\t\t\t\t\t\t<div class=\"elementor-element elementor-element-2ee7ae4 elementor-widget elementor-widget-heading\" data-id=\"2ee7ae4\" data-element_type=\"widget\" data-widget_type=\"heading.default\">\n\t\t\t\t<div class=\"elementor-widget-container\">\n\t\t\t<h4 class=\"elementor-heading-title elementor-size-default\">\u00a1Separa tu cita\u00a0YA!<\/h4>\t\t<\/div>\n\t\t\t\t<\/div>\n\t\t\t\t\t<\/div>\n\t\t<\/div>\n\t\t\t\t<div class=\"elementor-column elementor-col-25 elementor-inner-column elementor-element elementor-element-5bdb713\" data-id=\"5bdb713\" data-element_type=\"column\">\n\t\t\t<div class=\"elementor-widget-wrap elementor-element-populated\">\n\t\t\t\t\t\t\t\t<div class=\"elementor-element elementor-element-100310c elementor-widget elementor-widget-heading\" data-id=\"100310c\" data-element_type=\"widget\" data-widget_type=\"heading.default\">\n\t\t\t\t<div class=\"elementor-widget-container\">\n\t\t\t<h4 class=\"elementor-heading-title elementor-size-default\">(602) 24 21880<\/h4>\t\t<\/div>\n\t\t\t\t<\/div>\n\t\t\t\t\t<\/div>\n\t\t<\/div>\n\t\t\t\t<div class=\"elementor-column elementor-col-25 elementor-inner-column elementor-element elementor-element-aa16afc\" data-id=\"aa16afc\" data-element_type=\"column\">\n\t\t\t<div class=\"elementor-widget-wrap elementor-element-populated\">\n\t\t\t\t\t\t\t\t<div class=\"elementor-element elementor-element-1707a35 elementor-align-center elementor-widget elementor-widget-button\" data-id=\"1707a35\" data-element_type=\"widget\" data-widget_type=\"button.default\">\n\t\t\t\t<div class=\"elementor-widget-container\">\n\t\t\t\t\t<div class=\"elementor-button-wrapper\">\n\t\t\t<a href=\"tel:+6022421880\" class=\"elementor-button-link elementor-button elementor-size-sm\" role=\"button\">\n\t\t\t\t\t\t<span class=\"elementor-button-content-wrapper\">\n\t\t\t\t\t\t\t<span class=\"elementor-button-icon elementor-align-icon-left\">\n\t\t\t\t<i aria-hidden=\"true\" class=\"fas fa-phone-alt\"><\/i>\t\t\t<\/span>\n\t\t\t\t\t\t<span class=\"elementor-button-text\">Marca desde tu celular<\/span>\n\t\t<\/span>\n\t\t\t\t\t<\/a>\n\t\t<\/div>\n\t\t\t\t<\/div>\n\t\t\t\t<\/div>\n\t\t\t\t\t<\/div>\n\t\t<\/div>\n\t\t\t\t\t\t\t<\/div>\n\t\t<\/section>\n\t\t\t\t<section class=\"elementor-section elementor-inner-section elementor-element elementor-element-498289e elementor-section-boxed elementor-section-height-default elementor-section-height-default\" data-id=\"498289e\" data-element_type=\"section\">\n\t\t\t\t\t\t<div class=\"elementor-container elementor-column-gap-default\">\n\t\t\t\t\t<div class=\"elementor-column elementor-col-100 elementor-inner-column elementor-element elementor-element-0ae936a\" data-id=\"0ae936a\" data-element_type=\"column\">\n\t\t\t<div class=\"elementor-widget-wrap elementor-element-populated\">\n\t\t\t\t\t\t\t\t<div class=\"elementor-element elementor-element-d8982d3 elementor-widget elementor-widget-spacer\" data-id=\"d8982d3\" data-element_type=\"widget\" data-widget_type=\"spacer.default\">\n\t\t\t\t<div class=\"elementor-widget-container\">\n\t\t\t\t\t<div class=\"elementor-spacer\">\n\t\t\t<div class=\"elementor-spacer-inner\"><\/div>\n\t\t<\/div>\n\t\t\t\t<\/div>\n\t\t\t\t<\/div>\n\t\t\t\t\t<\/div>\n\t\t<\/div>\n\t\t\t\t\t\t\t<\/div>\n\t\t<\/section>\n\t\t\t\t\t<\/div>\n\t\t<\/div>\n\t\t\t\t\t\t\t<\/div>\n\t\t<\/section>\n\t\t\t\t\t\t\t<\/div>\n\t\t","protected":false},"excerpt":{"rendered":"<p>Cont\u00e1ctanos Puedes contactarnos a trav\u00e9s de nuestros canales de atenci\u00f3n al p\u00fablico que est\u00e1n disponibles. Direcci\u00f3n: Cra 47 No. 3 &#8211; 53, Barrio Bellavista Tel\u00e9fono: (602) 242 1880 Ext. 3011 Correo: servicio.cliente@csspmail.net Tu Salud es nuestra prioridad \u00a1Separa tu cita\u00a0YA! (602) 24 21880 Marca desde tu celular<\/p>\n","protected":false},"author":1,"featured_media":0,"parent":0,"menu_order":5,"comment_status":"closed","ping_status":"closed","template":"elementor_header_footer","meta":[],"yoast_head":"<!-- This site is optimized with the Yoast SEO plugin v20.6 - https:\/\/yoast.com\/wordpress\/plugins\/seo\/ -->\n<title>Cont\u00e1ctanos - Clinica Santa Sof\u00eda del Pac\u00edfico<\/title>\n<meta name=\"robots\" content=\"index, follow, max-snippet:-1, max-image-preview:large, max-video-preview:-1\" \/>\n<link rel=\"canonical\" href=\"https:\/\/clinicasantasofia.com\/index.php\/contactanos\/\" \/>\n<meta property=\"og:locale\" content=\"es_ES\" \/>\n<meta property=\"og:type\" content=\"article\" \/>\n<meta property=\"og:title\" content=\"Cont\u00e1ctanos - Clinica Santa Sof\u00eda del Pac\u00edfico\" \/>\n<meta property=\"og:description\" content=\"Cont\u00e1ctanos Puedes contactarnos a trav\u00e9s de nuestros canales de atenci\u00f3n al p\u00fablico que est\u00e1n disponibles. Direcci\u00f3n: Cra 47 No. 3 &#8211; 53, Barrio Bellavista Tel\u00e9fono: (602) 242 1880 Ext. 3011 Correo: servicio.cliente@csspmail.net Tu Salud es nuestra prioridad \u00a1Separa tu cita\u00a0YA! (602) 24 21880 Marca desde tu celular\" \/>\n<meta property=\"og:url\" content=\"https:\/\/clinicasantasofia.com\/index.php\/contactanos\/\" \/>\n<meta property=\"og:site_name\" content=\"Clinica Santa Sof\u00eda del Pac\u00edfico\" \/>\n<meta property=\"article:modified_time\" content=\"2025-04-03T17:17:11+00:00\" \/>\n<meta name=\"twitter:card\" content=\"summary_large_image\" \/>\n<meta name=\"twitter:label1\" content=\"Tiempo de lectura\" \/>\n\t<meta name=\"twitter:data1\" content=\"1 minuto\" \/>\n<script type=\"application\/ld+json\" class=\"yoast-schema-graph\">{\"@context\":\"https:\/\/schema.org\",\"@graph\":[{\"@type\":\"WebPage\",\"@id\":\"https:\/\/clinicasantasofia.com\/index.php\/contactanos\/\",\"url\":\"https:\/\/clinicasantasofia.com\/index.php\/contactanos\/\",\"name\":\"Cont\u00e1ctanos - Clinica Santa Sof\u00eda del Pac\u00edfico\",\"isPartOf\":{\"@id\":\"https:\/\/clinicasantasofia.com\/#website\"},\"datePublished\":\"2022-11-03T19:35:34+00:00\",\"dateModified\":\"2025-04-03T17:17:11+00:00\",\"breadcrumb\":{\"@id\":\"https:\/\/clinicasantasofia.com\/index.php\/contactanos\/#breadcrumb\"},\"inLanguage\":\"es\",\"potentialAction\":[{\"@type\":\"ReadAction\",\"target\":[\"https:\/\/clinicasantasofia.com\/index.php\/contactanos\/\"]}]},{\"@type\":\"BreadcrumbList\",\"@id\":\"https:\/\/clinicasantasofia.com\/index.php\/contactanos\/#breadcrumb\",\"itemListElement\":[{\"@type\":\"ListItem\",\"position\":1,\"name\":\"Portada\",\"item\":\"https:\/\/clinicasantasofia.com\/\"},{\"@type\":\"ListItem\",\"position\":2,\"name\":\"Cont\u00e1ctanos\"}]},{\"@type\":\"WebSite\",\"@id\":\"https:\/\/clinicasantasofia.com\/#website\",\"url\":\"https:\/\/clinicasantasofia.com\/\",\"name\":\"Clinica Santa Sof\u00eda del Pac\u00edfico\",\"description\":\"Clinica Santa Sof\u00eda del Pac\u00edfico\",\"publisher\":{\"@id\":\"https:\/\/clinicasantasofia.com\/#organization\"},\"potentialAction\":[{\"@type\":\"SearchAction\",\"target\":{\"@type\":\"EntryPoint\",\"urlTemplate\":\"https:\/\/clinicasantasofia.com\/?s={search_term_string}\"},\"query-input\":\"required name=search_term_string\"}],\"inLanguage\":\"es\"},{\"@type\":\"Organization\",\"@id\":\"https:\/\/clinicasantasofia.com\/#organization\",\"name\":\"Clinica Santa Sof\u00eda del Pac\u00edfico\",\"url\":\"https:\/\/clinicasantasofia.com\/\",\"logo\":{\"@type\":\"ImageObject\",\"inLanguage\":\"es\",\"@id\":\"https:\/\/clinicasantasofia.com\/#\/schema\/logo\/image\/\",\"url\":\"https:\/\/clinicasantasofia.com\/wp-content\/uploads\/2022\/11\/cropped-clinica-santa-sofia-logo.png\",\"contentUrl\":\"https:\/\/clinicasantasofia.com\/wp-content\/uploads\/2022\/11\/cropped-clinica-santa-sofia-logo.png\",\"width\":1580,\"height\":530,\"caption\":\"Clinica Santa Sof\u00eda del Pac\u00edfico\"},\"image\":{\"@id\":\"https:\/\/clinicasantasofia.com\/#\/schema\/logo\/image\/\"}}]}<\/script>\n<!-- \/ Yoast SEO plugin. -->","yoast_head_json":{"title":"Cont\u00e1ctanos - Clinica Santa Sof\u00eda del Pac\u00edfico","robots":{"index":"index","follow":"follow","max-snippet":"max-snippet:-1","max-image-preview":"max-image-preview:large","max-video-preview":"max-video-preview:-1"},"canonical":"https:\/\/clinicasantasofia.com\/index.php\/contactanos\/","og_locale":"es_ES","og_type":"article","og_title":"Cont\u00e1ctanos - Clinica Santa Sof\u00eda del Pac\u00edfico","og_description":"Cont\u00e1ctanos Puedes contactarnos a trav\u00e9s de nuestros canales de atenci\u00f3n al p\u00fablico que est\u00e1n disponibles. Direcci\u00f3n: Cra 47 No. 3 &#8211; 53, Barrio Bellavista Tel\u00e9fono: (602) 242 1880 Ext. 3011 Correo: servicio.cliente@csspmail.net Tu Salud es nuestra prioridad \u00a1Separa tu cita\u00a0YA! (602) 24 21880 Marca desde tu celular","og_url":"https:\/\/clinicasantasofia.com\/index.php\/contactanos\/","og_site_name":"Clinica Santa Sof\u00eda del Pac\u00edfico","article_modified_time":"2025-04-03T17:17:11+00:00","twitter_card":"summary_large_image","twitter_misc":{"Tiempo de lectura":"1 minuto"},"schema":{"@context":"https:\/\/schema.org","@graph":[{"@type":"WebPage","@id":"https:\/\/clinicasantasofia.com\/index.php\/contactanos\/","url":"https:\/\/clinicasantasofia.com\/index.php\/contactanos\/","name":"Cont\u00e1ctanos - Clinica Santa Sof\u00eda del Pac\u00edfico","isPartOf":{"@id":"https:\/\/clinicasantasofia.com\/#website"},"datePublished":"2022-11-03T19:35:34+00:00","dateModified":"2025-04-03T17:17:11+00:00","breadcrumb":{"@id":"https:\/\/clinicasantasofia.com\/index.php\/contactanos\/#breadcrumb"},"inLanguage":"es","potentialAction":[{"@type":"ReadAction","target":["https:\/\/clinicasantasofia.com\/index.php\/contactanos\/"]}]},{"@type":"BreadcrumbList","@id":"https:\/\/clinicasantasofia.com\/index.php\/contactanos\/#breadcrumb","itemListElement":[{"@type":"ListItem","position":1,"name":"Portada","item":"https:\/\/clinicasantasofia.com\/"},{"@type":"ListItem","position":2,"name":"Cont\u00e1ctanos"}]},{"@type":"WebSite","@id":"https:\/\/clinicasantasofia.com\/#website","url":"https:\/\/clinicasantasofia.com\/","name":"Clinica Santa Sof\u00eda del Pac\u00edfico","description":"Clinica Santa Sof\u00eda del Pac\u00edfico","publisher":{"@id":"https:\/\/clinicasantasofia.com\/#organization"},"potentialAction":[{"@type":"SearchAction","target":{"@type":"EntryPoint","urlTemplate":"https:\/\/clinicasantasofia.com\/?s={search_term_string}"},"query-input":"required name=search_term_string"}],"inLanguage":"es"},{"@type":"Organization","@id":"https:\/\/clinicasantasofia.com\/#organization","name":"Clinica Santa Sof\u00eda del Pac\u00edfico","url":"https:\/\/clinicasantasofia.com\/","logo":{"@type":"ImageObject","inLanguage":"es","@id":"https:\/\/clinicasantasofia.com\/#\/schema\/logo\/image\/","url":"https:\/\/clinicasantasofia.com\/wp-content\/uploads\/2022\/11\/cropped-clinica-santa-sofia-logo.png","contentUrl":"https:\/\/clinicasantasofia.com\/wp-content\/uploads\/2022\/11\/cropped-clinica-santa-sofia-logo.png","width":1580,"height":530,"caption":"Clinica Santa Sof\u00eda del Pac\u00edfico"},"image":{"@id":"https:\/\/clinicasantasofia.com\/#\/schema\/logo\/image\/"}}]}},"_links":{"self":[{"href":"https:\/\/clinicasantasofia.com\/index.php\/wp-json\/wp\/v2\/pages\/68"}],"collection":[{"href":"https:\/\/clinicasantasofia.com\/index.php\/wp-json\/wp\/v2\/pages"}],"about":[{"href":"https:\/\/clinicasantasofia.com\/index.php\/wp-json\/wp\/v2\/types\/page"}],"author":[{"embeddable":true,"href":"https:\/\/clinicasantasofia.com\/index.php\/wp-json\/wp\/v2\/users\/1"}],"replies":[{"embeddable":true,"href":"https:\/\/clinicasantasofia.com\/index.php\/wp-json\/wp\/v2\/comments?post=68"}],"version-history":[{"count":59,"href":"https:\/\/clinicasantasofia.com\/index.php\/wp-json\/wp\/v2\/pages\/68\/revisions"}],"predecessor-version":[{"id":2861,"href":"https:\/\/clinicasantasofia.com\/index.php\/wp-json\/wp\/v2\/pages\/68\/revisions\/2861"}],"wp:attachment":[{"href":"https:\/\/clinicasantasofia.com\/index.php\/wp-json\/wp\/v2\/media?parent=68"}],"curies":[{"name":"wp","href":"https:\/\/api.w.org\/{rel}","templated":true}]}}